{"id":157,"date":"2021-12-08T18:57:56","date_gmt":"2021-12-08T17:57:56","guid":{"rendered":"http:\/\/staging.techno-plast-kampes.de\/?page_id=157"},"modified":"2022-07-14T15:46:39","modified_gmt":"2022-07-14T13:46:39","slug":"aktuelles","status":"publish","type":"page","link":"https:\/\/techno-plast-kampes.de\/en\/aktuelles\/","title":{"rendered":"News"},"content":{"rendered":"<ul class=\"wp-block-latest-posts__list has-dates wp-block-latest-posts\"><li><a class=\"wp-block-latest-posts__post-title\" href=\"https:\/\/techno-plast-kampes.de\/en\/2022\/09\/03\/wir-stellen-ein-helfer-in-m-w-d-lager-und-verpackung\/\">Wir stellen ein! Helfer\/in (m\/w\/d) Qualit\u00e4tssicherung und Verpackung<\/a><time datetime=\"2022-09-03T15:44:00+02:00\" class=\"wp-block-latest-posts__post-date\">3. September 2022<\/time><div class=\"wp-block-latest-posts__post-excerpt\">Wir stellen ein! Aktuell suchen wir zwei Helfer\/in (m\/w\/d) in unserer Produktionsverpackung und Qualit\u00e4tssicherung. Zu den Aufgabenfeldern geh\u00f6rt die h\u00e4ndische Kontrolle sowie Weiterverarbeitung und Verpackung von Kunststoffartikeln aller Art.<\/div><\/li>\n<\/ul>\n\n\n<p><\/p>","protected":false},"excerpt":{"rendered":"","protected":false},"author":1,"featured_media":209,"parent":0,"menu_order":0,"comment_status":"closed","ping_status":"closed","template":"page-templates\/template-fullwidth.php","meta":{"footnotes":""},"class_list":["post-157","page","type-page","status-publish","has-post-thumbnail","hentry"],"_links":{"self":[{"href":"https:\/\/techno-plast-kampes.de\/en\/wp-json\/wp\/v2\/pages\/157","targetHints":{"allow":["GET"]}}],"collection":[{"href":"https:\/\/techno-plast-kampes.de\/en\/wp-json\/wp\/v2\/pages"}],"about":[{"href":"https:\/\/techno-plast-kampes.de\/en\/wp-json\/wp\/v2\/types\/page"}],"author":[{"embeddable":true,"href":"https:\/\/techno-plast-kampes.de\/en\/wp-json\/wp\/v2\/users\/1"}],"replies":[{"embeddable":true,"href":"https:\/\/techno-plast-kampes.de\/en\/wp-json\/wp\/v2\/comments?post=157"}],"version-history":[{"count":0,"href":"https:\/\/techno-plast-kampes.de\/en\/wp-json\/wp\/v2\/pages\/157\/revisions"}],"wp:featuredmedia":[{"embeddable":true,"href":"https:\/\/techno-plast-kampes.de\/en\/wp-json\/wp\/v2\/media\/209"}],"wp:attachment":[{"href":"https:\/\/techno-plast-kampes.de\/en\/wp-json\/wp\/v2\/media?parent=157"}],"curies":[{"name":"wp","href":"https:\/\/api.w.org\/{rel}","templated":true}]}}