{"id":5,"date":"2021-11-28T13:37:05","date_gmt":"2021-11-28T12:37:05","guid":{"rendered":"http:\/\/staging.techno-plast-kampes.de\/?page_id=5"},"modified":"2022-07-14T08:48:39","modified_gmt":"2022-07-14T06:48:39","slug":"gestalte-deine-website-mit-bloecken","status":"publish","type":"page","link":"https:\/\/techno-plast-kampes.de\/en\/","title":{"rendered":""},"content":{"rendered":"<div class=\"wp-block-columns is-layout-flex wp-container-core-columns-is-layout-28f84493 wp-block-columns-is-layout-flex\">\n<div class=\"wp-block-column is-layout-flow wp-block-column-is-layout-flow\">\n<p>Our core competence is the serial production of plastic injection molding parts. We offer you the production of technically demanding molded parts in the highest quality. High and consistent quality and thus our joint success is guaranteed by our many years of know-how combined with modern machinery.<\/p>\n\n\n\n<p><br>To meet your product requirements in the best possible way, our manufacturing spectrum ranges from standard thermoplastic materials such as PP, PA and POM to high-performance materials such as PEEK.<br>Of course, we will accompany you throughout the entire implementation of your project. At the beginning of this process stands the creation of high-quality molds. These are the basis for first-class series parts. We create your molds in long-term cooperation with our experienced toolmaking partner.<\/p>\n\n\n\n<p><br>As part of our quality standards, we are certified according to DIN EN ISO 9001:2015.<\/p>\n<\/div>\n\n\n\n<div class=\"wp-block-column is-layout-flow wp-block-column-is-layout-flow\"><div class=\"wp-block-image\">\n<figure class=\"aligncenter size-large\"><img loading=\"lazy\" decoding=\"async\" width=\"1024\" height=\"625\" src=\"http:\/\/staging.techno-plast-kampes.de\/wp-content\/uploads\/2022\/07\/ARB00144547_570_GOLDEN_ELECTRIC_aktuell-1024x625.jpg\" alt=\"\" class=\"wp-image-199\" srcset=\"https:\/\/techno-plast-kampes.de\/wp-content\/uploads\/2022\/07\/ARB00144547_570_GOLDEN_ELECTRIC_aktuell-1024x625.jpg 1024w, https:\/\/techno-plast-kampes.de\/wp-content\/uploads\/2022\/07\/ARB00144547_570_GOLDEN_ELECTRIC_aktuell-300x183.jpg 300w, https:\/\/techno-plast-kampes.de\/wp-content\/uploads\/2022\/07\/ARB00144547_570_GOLDEN_ELECTRIC_aktuell-768x469.jpg 768w, https:\/\/techno-plast-kampes.de\/wp-content\/uploads\/2022\/07\/ARB00144547_570_GOLDEN_ELECTRIC_aktuell-18x12.jpg 18w, https:\/\/techno-plast-kampes.de\/wp-content\/uploads\/2022\/07\/ARB00144547_570_GOLDEN_ELECTRIC_aktuell.jpg 1060w\" sizes=\"auto, (max-width: 1024px) 100vw, 1024px\" \/><figcaption>Copyright: <a href=\"https:\/\/www.arburg.com\/\" target=\"_blank\" rel=\"noreferrer noopener\">Arburg GmbH &amp; Co KG<\/a><\/figcaption><\/figure>\n<\/div><\/div>\n<\/div>","protected":false},"excerpt":{"rendered":"<p>Unsere Kernkompetenz ist die Produktion Ihrer Serienteile im Spritzgussverfahren. Wir bieten Ihnen die Fertigung technisch anspruchsvoller Formteile in h\u00f6chster Qualit\u00e4t. Hohe und gleichbleibende Qualit\u00e4t und damit unseren gemeinsamen Erfolg garantiert unser langj\u00e4hriges Know-How kombiniert mit einem modernen Maschinenpark. Um Ihre Anspr\u00fcche an das Produkt optimal zu erf\u00fcllen, reicht unser Fertigungsspektrum [&hellip;]<\/p>","protected":false},"author":1,"featured_media":0,"parent":0,"menu_order":0,"comment_status":"closed","ping_status":"closed","template":"","meta":{"footnotes":""},"class_list":["post-5","page","type-page","status-publish","hentry"],"_links":{"self":[{"href":"https:\/\/techno-plast-kampes.de\/en\/wp-json\/wp\/v2\/pages\/5","targetHints":{"allow":["GET"]}}],"collection":[{"href":"https:\/\/techno-plast-kampes.de\/en\/wp-json\/wp\/v2\/pages"}],"about":[{"href":"https:\/\/techno-plast-kampes.de\/en\/wp-json\/wp\/v2\/types\/page"}],"author":[{"embeddable":true,"href":"https:\/\/techno-plast-kampes.de\/en\/wp-json\/wp\/v2\/users\/1"}],"replies":[{"embeddable":true,"href":"https:\/\/techno-plast-kampes.de\/en\/wp-json\/wp\/v2\/comments?post=5"}],"version-history":[{"count":0,"href":"https:\/\/techno-plast-kampes.de\/en\/wp-json\/wp\/v2\/pages\/5\/revisions"}],"wp:attachment":[{"href":"https:\/\/techno-plast-kampes.de\/en\/wp-json\/wp\/v2\/media?parent=5"}],"curies":[{"name":"wp","href":"https:\/\/api.w.org\/{rel}","templated":true}]}}